{"id":1455,"date":"2022-09-07T21:55:43","date_gmt":"2022-09-07T21:55:43","guid":{"rendered":"https:\/\/thegolfgreencompany.com\/?page_id=1455"},"modified":"2022-09-18T16:04:05","modified_gmt":"2022-09-18T16:04:05","slug":"politica-de-privacidad","status":"publish","type":"page","link":"https:\/\/thegolfgreencompany.com\/es\/politica-de-privacidad\/","title":{"rendered":"Pol\u00edtica de privacidad"},"content":{"rendered":"<h1><b>AVISO LEGAL<\/b><\/h1>\n<p><span style=\"font-weight: 400;\">The Golf Green Company le informa que el acceso y uso de esta p\u00e1gina Web, as\u00ed como los servicios que a trav\u00e9s de ella se puedan obtener, est\u00e1n sujetos a las condiciones y t\u00e9rminos que se detallan en este aviso legal y, en su caso, por el Contrato de Asociaci\u00f3n. Por ello, si no son de su conformidad, rogamos no haga uso de los servicios que en ella se contienen, ya que cualquier uso que haga de la p\u00e1gina Web o de los citados servicios implicar\u00e1 la aceptaci\u00f3n de los t\u00e9rminos legales recogidos en este apartado.<\/span><\/p>\n<p><span style=\"font-weight: 400;\">Los contenidos de la p\u00e1gina Web de The Golf Green Company se actualizar\u00e1n peri\u00f3dicamente. Debido a que la actualizaci\u00f3n de la informaci\u00f3n no es inmediata, le sugerimos que compruebe siempre la vigencia y exactitud de la informaci\u00f3n contenida en la p\u00e1gina Web.<\/span><\/p>\n<p><span style=\"font-weight: 400;\">The Golf Green Company se reserva el derecho a realizar cambios en la p\u00e1gina Web sin previo aviso, con el objeto de actualizar, corregir, modificar, a\u00f1adir o eliminar los contenidos de la p\u00e1gina Web o de su dise\u00f1o.<\/span><\/p>\n<p><span style=\"font-weight: 400;\">Tanto el acceso a la p\u00e1gina Web como el uso de la informaci\u00f3n contenida en la misma son responsabilidad de quien realiza estas acciones, no siendo responsable The Golf Green Company del uso incorrecto, il\u00edcito o negligente que pudiere hacer el usuario.<\/span><\/p>\n<p><span style=\"font-weight: 400;\">Las condiciones y t\u00e9rminos que se recogen en el presente aviso pueden variar, por lo que le invitamos a que revise estos t\u00e9rminos cuando visite de nuevo la p\u00e1gina Web de The Golf Green Company\u00a0 o solicite un nuevo servicio.<\/span><\/p>\n<h2><span style=\"font-weight: 400;\">PUBLICIDAD<\/span><\/h2>\n<p><span style=\"font-weight: 400;\">En la p\u00e1gina Web de The Golf Green Company se insertar\u00e1 aquella publicidad que consideremos pueda ser de su inter\u00e9s.<\/span><\/p>\n<p><span style=\"font-weight: 400;\">The Golf Green Company se compromete a no facilitar informaci\u00f3n suya a los anunciantes salvo datos estad\u00edsticos an\u00f3nimos sobre la utilizaci\u00f3n de servicios, con la finalidad de que se pueda mejorar el servicio y ofrecer servicios conforme a las expectativas de los usuarios.<\/span><\/p>\n<p><span style=\"font-weight: 400;\">No obstante, The Golf Green Company. le informa que los anunciantes y proveedores, por medio de cookies, pueden tener la posibilidad de obtener informaci\u00f3n sobre Ud., los usos que hace de los servicios y de sus movimientos a trav\u00e9s de la red. Por no tener vinculaci\u00f3n con los usos que de dicha informaci\u00f3n pueda realizar la empresa anunciante, The Golf Green Company. no se hace responsable de la recogida de informaci\u00f3n por dichas empresas<\/span><\/p>\n<h2><span style=\"font-weight: 400;\">POL\u00cdTICA DE PRIVACIDAD<\/span><\/h2>\n<p><span style=\"font-weight: 400;\">En nombre de la empresa tratamos la informaci\u00f3n que nos facilita con el fin de enviarle publicidad relacionada con nuestros productos y servicios por cualquier medio (postal, email o tel\u00e9fono) e invitarle a eventos organizados por la empresa. Los datos proporcionados se conservar\u00e1n mientras no solicite el cese de la actividad. Los datos no se ceder\u00e1n a terceros salvo en los casos en que exista una obligaci\u00f3n legal. Usted tiene derecho a obtener confirmaci\u00f3n sobre si en The Golf Green Company estamos tratando sus datos personales por tanto tiene derecho a acceder a sus datos personales, rectificar los datos inexacto o solicitar su supresi\u00f3n cuando los datos ya no sean necesarios para los fines que fueron recogidos.<\/span><\/p>\n<h2><span style=\"font-weight: 400;\">RESPONSABILIDADES<\/span><\/h2>\n<p><span style=\"font-weight: 400;\">The Golf Green Company realizar\u00e1 sus mejores esfuerzos para que en los contenidos de su p\u00e1gina Web figure el \u00e1mbito geogr\u00e1fico de la misma; no obstante, The Golf Green Company no se compromete a que dichos contenidos tengan vigencia o validez en todos los pa\u00edses a los que pueda alcanzar la p\u00e1gina Web.<\/span><\/p>\n<p><span style=\"font-weight: 400;\">The Golf Green Company no se responsabiliza del uso o acceso que realicen usuarios fuera del \u00e1mbito geogr\u00e1fico y subjetivo al que se dirige la p\u00e1gina Web. Debido a que en determinados servicios de la p\u00e1gina Web de The Golf Green Company los propios Asociados a The Golf Green Company. son los que facilitan informaci\u00f3n, The Golf Green Company. no se puede responsabilizar de su contenido, as\u00ed como de su fiabilidad y adecuaci\u00f3n a las necesidades del usuario, salvo que se haya acordado otra cosa contractualmente.<\/span><\/p>\n<p><span style=\"font-weight: 400;\">El usuario que act\u00fae contra la imagen, buen nombre o reputaci\u00f3n de The Golf Green Company, as\u00ed como utilice il\u00edcita o fraudulentamente los contenidos de la p\u00e1gina Web, ser\u00e1 responsable frente a The Golf Green Company de su actuaci\u00f3n.<\/span><\/p>\n<h2><span style=\"font-weight: 400;\">DERECHOS DE PROPIEDAD INTELECTUAL Y DE PROPIEDAD INDUSTRIAL<\/span><\/h2>\n<p><span style=\"font-weight: 400;\">Tanto el dise\u00f1o de la p\u00e1gina Web, c\u00f3digos fuente, como los logos, marcas, y dem\u00e1s signos distintivos, pertenecen a The Golf Green Company o entidades colaboradoras y est\u00e1n protegidos por los correspondientes derechos de propiedad intelectual e industrial.<\/span><\/p>\n<p><span style=\"font-weight: 400;\">Su uso, reproducci\u00f3n, distribuci\u00f3n, comunicaci\u00f3n p\u00fablica, transformaci\u00f3n o cualquier otra actividad similar o an\u00e1loga, queda totalmente prohibida salvo que medie expresa autorizaci\u00f3n por escrito de The Golf Green Company.<\/span><\/p>\n<p><span style=\"font-weight: 400;\">Los contenidos de la p\u00e1gina Web est\u00e1n igualmente protegidos por derechos de propiedad intelectual de The Golf Green Company o de terceros. El uso de los contenidos ser\u00e1 permitido \u00fanicamente en el \u00e1mbito de una relaci\u00f3n contractual con The Golf Green Company.<\/span><\/p>\n<p><span style=\"font-weight: 400;\">The Golf Green Company declara su respeto a los derechos de propiedad intelectual e industrial de terceros; por ello, si considera que este sitio pudiera estar violando sus derechos, rogamos se ponga en contacto con The Golf Green Company la siguiente direcci\u00f3n de e-mail <\/span><span style=\"font-weight: 400;\">info@thegolfgreencompany.com.<\/span><\/p>\n<h2><span style=\"font-weight: 400;\">LEY APLICABLE Y ARBITRAJE<\/span><\/h2>\n<p><span style=\"font-weight: 400;\">La ley aplicable en caso de conflicto respecto de los t\u00e9rminos que conforman este aviso legal, as\u00ed como con cualquier cuesti\u00f3n relacionada con los servicios de la presente p\u00e1gina Web, ser\u00e1 la ley espa\u00f1ola.<\/span><\/p>\n<p><span style=\"font-weight: 400;\">Para la resoluci\u00f3n de cualquier conflicto que pueda surgir con ocasi\u00f3n de la visita a la p\u00e1gina Web de The Golf Green Company o del uso de los servicios que en ella se puedan ofertar, The Golf Green Company y el usuario de la p\u00e1gina Web acudir\u00e1n a un Arbitraje de Derecho bajo las reglas de Arbitraje de la Corte Civil y Mercantil de Arbitraje (CIMA), por un \u00e1rbitro elegido conforme a dichas normas. El arbitraje se realizar\u00e1 en Madrid y para ello se utilizara como idioma el espa\u00f1ol. La decisi\u00f3n del Arbitraje ser\u00e1 definitiva y el usuario de la p\u00e1gina Web e Inpro S.L. se comprometen desde este momento a aceptarla. El arbitraje decidir\u00e1 asimismo qu\u00e9 parte de los costes del arbitraje corresponde a cada uno de ellos. El laudo ser\u00e1 de derecho, por escrito, razonado, final y obligatorio.<\/span><\/p>\n<p>&nbsp;<\/p>\n<h2><span style=\"font-weight: 400;\">Protecci\u00f3n de datos de car\u00e1cter personal<\/span><\/h2>\n<p><span style=\"font-weight: 400;\">De conformidad con lo dispuesto en el Reglamento Europeo del 2016\/679, del 27 de Abril de 2016 relativo a la protecci\u00f3n de las personas f\u00edsicas en lo que respecta al tratamiento de datos personales y a la libre circulaci\u00f3n de estos datos y por el que se deroga la Directiva 95\/46\/CE (Reglamento general de protecci\u00f3n de datos), The Golf Green Company le informa que los datos por usted suministrados ser\u00e1n tratados con las medidas de seguridad conformes a la normativa vigente que se requiere, pasando a formar parte de un fichero automatizado, inscrito legalmente en la Agencia Espa\u00f1ola de Protecci\u00f3n de Datos. Dichos datos ser\u00e1n empleados con fines de gesti\u00f3n. Para el ejercicio de sus derechos de acceso, rectificaci\u00f3n, cancelaci\u00f3n y oposici\u00f3n, deber\u00e1 dirigirse a la direcci\u00f3n del Responsable del tratamiento <\/span><span style=\"font-weight: 400;\">M\u00e1laga, Espa\u00f1a, direcci\u00f3n o por mail a: info@thegolfgreencompany.com.<\/span><\/p>\n<p>&nbsp;<\/p>\n","protected":false},"excerpt":{"rendered":"<p>AVISO LEGAL The Golf Green Company le informa que el acceso y uso de esta p\u00e1gina Web, as\u00ed como los servicios que a trav\u00e9s de ella se puedan obtener, est\u00e1n sujetos a las condiciones y t\u00e9rminos que se detallan en este aviso legal y, en su caso, por el Contrato de Asociaci\u00f3n. Por ello, si [&hellip;]<\/p>\n","protected":false},"author":1,"featured_media":0,"parent":0,"menu_order":0,"comment_status":"closed","ping_status":"closed","template":"","meta":{"footnotes":""},"class_list":["post-1455","page","type-page","status-publish","hentry"],"yoast_head":"<!-- This site is optimized with the Yoast SEO plugin v21.9.1 - https:\/\/yoast.com\/wordpress\/plugins\/seo\/ -->\n<title>Pol\u00edtica de privacidad - The Golf Green Company<\/title>\n<meta name=\"robots\" content=\"index, follow, max-snippet:-1, max-image-preview:large, max-video-preview:-1\" \/>\n<link rel=\"canonical\" href=\"https:\/\/thegolfgreencompany.com\/es\/politica-de-privacidad\/\" \/>\n<meta property=\"og:locale\" content=\"es_ES\" \/>\n<meta property=\"og:type\" content=\"article\" \/>\n<meta property=\"og:title\" content=\"Pol\u00edtica de privacidad - The Golf Green Company\" \/>\n<meta property=\"og:description\" content=\"AVISO LEGAL The Golf Green Company le informa que el acceso y uso de esta p\u00e1gina Web, as\u00ed como los servicios que a trav\u00e9s de ella se puedan obtener, est\u00e1n sujetos a las condiciones y t\u00e9rminos que se detallan en este aviso legal y, en su caso, por el Contrato de Asociaci\u00f3n. Por ello, si [&hellip;]\" \/>\n<meta property=\"og:url\" content=\"https:\/\/thegolfgreencompany.com\/es\/politica-de-privacidad\/\" \/>\n<meta property=\"og:site_name\" content=\"The Golf Green Company\" \/>\n<meta property=\"article:modified_time\" content=\"2022-09-18T16:04:05+00:00\" \/>\n<meta name=\"twitter:card\" content=\"summary_large_image\" \/>\n<meta name=\"twitter:label1\" content=\"Tiempo de lectura\" \/>\n\t<meta name=\"twitter:data1\" content=\"6 minutos\" \/>\n<script type=\"application\/ld+json\" class=\"yoast-schema-graph\">{\"@context\":\"https:\/\/schema.org\",\"@graph\":[{\"@type\":\"WebPage\",\"@id\":\"https:\/\/thegolfgreencompany.com\/es\/politica-de-privacidad\/\",\"url\":\"https:\/\/thegolfgreencompany.com\/es\/politica-de-privacidad\/\",\"name\":\"Pol\u00edtica de privacidad - The Golf Green Company\",\"isPartOf\":{\"@id\":\"https:\/\/thegolfgreencompany.com\/es\/#website\"},\"datePublished\":\"2022-09-07T21:55:43+00:00\",\"dateModified\":\"2022-09-18T16:04:05+00:00\",\"breadcrumb\":{\"@id\":\"https:\/\/thegolfgreencompany.com\/es\/politica-de-privacidad\/#breadcrumb\"},\"inLanguage\":\"es\",\"potentialAction\":[{\"@type\":\"ReadAction\",\"target\":[\"https:\/\/thegolfgreencompany.com\/es\/politica-de-privacidad\/\"]}]},{\"@type\":\"BreadcrumbList\",\"@id\":\"https:\/\/thegolfgreencompany.com\/es\/politica-de-privacidad\/#breadcrumb\",\"itemListElement\":[{\"@type\":\"ListItem\",\"position\":1,\"name\":\"Home\",\"item\":\"https:\/\/thegolfgreencompany.com\/es\/\"},{\"@type\":\"ListItem\",\"position\":2,\"name\":\"Pol\u00edtica de privacidad\"}]},{\"@type\":\"WebSite\",\"@id\":\"https:\/\/thegolfgreencompany.com\/es\/#website\",\"url\":\"https:\/\/thegolfgreencompany.com\/es\/\",\"name\":\"The Golf Green Company\",\"description\":\"Otro sitio realizado con WordPress\",\"publisher\":{\"@id\":\"https:\/\/thegolfgreencompany.com\/es\/#organization\"},\"potentialAction\":[{\"@type\":\"SearchAction\",\"target\":{\"@type\":\"EntryPoint\",\"urlTemplate\":\"https:\/\/thegolfgreencompany.com\/es\/?s={search_term_string}\"},\"query-input\":\"required name=search_term_string\"}],\"inLanguage\":\"es\"},{\"@type\":\"Organization\",\"@id\":\"https:\/\/thegolfgreencompany.com\/es\/#organization\",\"name\":\"The Golf Green Company\",\"url\":\"https:\/\/thegolfgreencompany.com\/es\/\",\"logo\":{\"@type\":\"ImageObject\",\"inLanguage\":\"es\",\"@id\":\"https:\/\/thegolfgreencompany.com\/es\/#\/schema\/logo\/image\/\",\"url\":\"https:\/\/thegolfgreencompany.com\/wp-content\/uploads\/2022\/08\/logo-golf-green-company-3.png\",\"contentUrl\":\"https:\/\/thegolfgreencompany.com\/wp-content\/uploads\/2022\/08\/logo-golf-green-company-3.png\",\"width\":224,\"height\":192,\"caption\":\"The Golf Green Company\"},\"image\":{\"@id\":\"https:\/\/thegolfgreencompany.com\/es\/#\/schema\/logo\/image\/\"}}]}<\/script>\n<!-- \/ Yoast SEO plugin. -->","yoast_head_json":{"title":"Pol\u00edtica de privacidad - The Golf Green Company","robots":{"index":"index","follow":"follow","max-snippet":"max-snippet:-1","max-image-preview":"max-image-preview:large","max-video-preview":"max-video-preview:-1"},"canonical":"https:\/\/thegolfgreencompany.com\/es\/politica-de-privacidad\/","og_locale":"es_ES","og_type":"article","og_title":"Pol\u00edtica de privacidad - The Golf Green Company","og_description":"AVISO LEGAL The Golf Green Company le informa que el acceso y uso de esta p\u00e1gina Web, as\u00ed como los servicios que a trav\u00e9s de ella se puedan obtener, est\u00e1n sujetos a las condiciones y t\u00e9rminos que se detallan en este aviso legal y, en su caso, por el Contrato de Asociaci\u00f3n. Por ello, si [&hellip;]","og_url":"https:\/\/thegolfgreencompany.com\/es\/politica-de-privacidad\/","og_site_name":"The Golf Green Company","article_modified_time":"2022-09-18T16:04:05+00:00","twitter_card":"summary_large_image","twitter_misc":{"Tiempo de lectura":"6 minutos"},"schema":{"@context":"https:\/\/schema.org","@graph":[{"@type":"WebPage","@id":"https:\/\/thegolfgreencompany.com\/es\/politica-de-privacidad\/","url":"https:\/\/thegolfgreencompany.com\/es\/politica-de-privacidad\/","name":"Pol\u00edtica de privacidad - The Golf Green Company","isPartOf":{"@id":"https:\/\/thegolfgreencompany.com\/es\/#website"},"datePublished":"2022-09-07T21:55:43+00:00","dateModified":"2022-09-18T16:04:05+00:00","breadcrumb":{"@id":"https:\/\/thegolfgreencompany.com\/es\/politica-de-privacidad\/#breadcrumb"},"inLanguage":"es","potentialAction":[{"@type":"ReadAction","target":["https:\/\/thegolfgreencompany.com\/es\/politica-de-privacidad\/"]}]},{"@type":"BreadcrumbList","@id":"https:\/\/thegolfgreencompany.com\/es\/politica-de-privacidad\/#breadcrumb","itemListElement":[{"@type":"ListItem","position":1,"name":"Home","item":"https:\/\/thegolfgreencompany.com\/es\/"},{"@type":"ListItem","position":2,"name":"Pol\u00edtica de privacidad"}]},{"@type":"WebSite","@id":"https:\/\/thegolfgreencompany.com\/es\/#website","url":"https:\/\/thegolfgreencompany.com\/es\/","name":"The Golf Green Company","description":"Otro sitio realizado con WordPress","publisher":{"@id":"https:\/\/thegolfgreencompany.com\/es\/#organization"},"potentialAction":[{"@type":"SearchAction","target":{"@type":"EntryPoint","urlTemplate":"https:\/\/thegolfgreencompany.com\/es\/?s={search_term_string}"},"query-input":"required name=search_term_string"}],"inLanguage":"es"},{"@type":"Organization","@id":"https:\/\/thegolfgreencompany.com\/es\/#organization","name":"The Golf Green Company","url":"https:\/\/thegolfgreencompany.com\/es\/","logo":{"@type":"ImageObject","inLanguage":"es","@id":"https:\/\/thegolfgreencompany.com\/es\/#\/schema\/logo\/image\/","url":"https:\/\/thegolfgreencompany.com\/wp-content\/uploads\/2022\/08\/logo-golf-green-company-3.png","contentUrl":"https:\/\/thegolfgreencompany.com\/wp-content\/uploads\/2022\/08\/logo-golf-green-company-3.png","width":224,"height":192,"caption":"The Golf Green Company"},"image":{"@id":"https:\/\/thegolfgreencompany.com\/es\/#\/schema\/logo\/image\/"}}]}},"_links":{"self":[{"href":"https:\/\/thegolfgreencompany.com\/es\/wp-json\/wp\/v2\/pages\/1455","targetHints":{"allow":["GET"]}}],"collection":[{"href":"https:\/\/thegolfgreencompany.com\/es\/wp-json\/wp\/v2\/pages"}],"about":[{"href":"https:\/\/thegolfgreencompany.com\/es\/wp-json\/wp\/v2\/types\/page"}],"author":[{"embeddable":true,"href":"https:\/\/thegolfgreencompany.com\/es\/wp-json\/wp\/v2\/users\/1"}],"replies":[{"embeddable":true,"href":"https:\/\/thegolfgreencompany.com\/es\/wp-json\/wp\/v2\/comments?post=1455"}],"version-history":[{"count":7,"href":"https:\/\/thegolfgreencompany.com\/es\/wp-json\/wp\/v2\/pages\/1455\/revisions"}],"predecessor-version":[{"id":1518,"href":"https:\/\/thegolfgreencompany.com\/es\/wp-json\/wp\/v2\/pages\/1455\/revisions\/1518"}],"wp:attachment":[{"href":"https:\/\/thegolfgreencompany.com\/es\/wp-json\/wp\/v2\/media?parent=1455"}],"curies":[{"name":"wp","href":"https:\/\/api.w.org\/{rel}","templated":true}]}}